{"id":100,"date":"2020-02-29T23:12:26","date_gmt":"2020-02-29T23:12:26","guid":{"rendered":"http:\/\/beautyundwellness-kiel.de\/?page_id=100"},"modified":"2022-08-12T08:30:36","modified_gmt":"2022-08-12T08:30:36","slug":"massagen","status":"publish","type":"page","link":"https:\/\/beautyundwellness-kiel.de\/?page_id=100","title":{"rendered":"Massagen (auf Anfrage)"},"content":{"rendered":"\n<p>Sie sind gestresst, haben wenig Energie oder wollen sich einfach mal etwas Entspannung g\u00f6nnen? Sch\u00f6pfen Sie mit einer Massage neue Kraft und lassen Sie den Alltag hinter sich.&nbsp;Alle Behandlungen finden mit entspannender Musik und wohliger W\u00e4rme statt und sind auch als Paar buchbar.<\/p>\n\n\n\n<p><strong>Hot Stone Massage<\/strong><br>Eine ganz besondere Kombination aus Massage, aufgeheizten Steinen und wohlriechenden \u00d6len.<\/p>\n\n\n\n<p><strong>Wellness-Massage<\/strong><br>Eine leichte, streichende&nbsp;Massage mit warmen, aromatischen \u00d6len.<\/p>\n\n\n\n<p><strong>Kr\u00e4uterstempel-Massage<br><\/strong>Eine traditionelle thermische Behandlungsform mit speziellen, vorgew\u00e4rmten \u00d6len und&nbsp;Stempels\u00e4ckchen&nbsp;mit&nbsp;Kr\u00e4utern, Gew\u00fcrzen und Pflegewirkstoffen.<\/p>\n\n\n\n<p><strong>Klassische Massage<\/strong><br>Die klassische Massage zur Vorbeugung und Behandlung von Verspannungen der Muskulatur.<\/p>\n\n\n\n<p><strong>Fu\u00df-\/Beinmassage<br><\/strong>Eine kr\u00e4ftigere Massage zum Lockern des Gewebes und Anregen der Durchblutung.<\/p>\n\n\n\n<p><\/p>\n","protected":false},"excerpt":{"rendered":"<p>Sie sind gestresst, haben wenig Energie oder wollen sich einfach mal etwas Entspannung g\u00f6nnen? Sch\u00f6pfen Sie mit einer Massage neue Kraft und lassen Sie den Alltag hinter sich.&nbsp;Alle Behandlungen finden mit entspannender Musik und wohliger &hellip; <\/p>\n","protected":false},"author":1,"featured_media":101,"parent":0,"menu_order":0,"comment_status":"closed","ping_status":"closed","template":"","meta":[],"yoast_head":"<!-- This site is optimized with the Yoast SEO plugin v20.6 - https:\/\/yoast.com\/wordpress\/plugins\/seo\/ -->\n<title>Massagen (auf Anfrage) | Beauty &amp; Wellness Kiel<\/title>\n<meta name=\"robots\" content=\"index, follow, max-snippet:-1, max-image-preview:large, max-video-preview:-1\" \/>\n<link rel=\"canonical\" href=\"https:\/\/beautyundwellness-kiel.de\/?page_id=100\" \/>\n<meta property=\"og:locale\" content=\"de_DE\" \/>\n<meta property=\"og:type\" content=\"article\" \/>\n<meta property=\"og:title\" content=\"Massagen (auf Anfrage) | Beauty &amp; Wellness Kiel\" \/>\n<meta property=\"og:description\" content=\"Sie sind gestresst, haben wenig Energie oder wollen sich einfach mal etwas Entspannung g\u00f6nnen? Sch\u00f6pfen Sie mit einer Massage neue Kraft und lassen Sie den Alltag hinter sich.&nbsp;Alle Behandlungen finden mit entspannender Musik und wohliger &hellip;\" \/>\n<meta property=\"og:url\" content=\"https:\/\/beautyundwellness-kiel.de\/?page_id=100\" \/>\n<meta property=\"og:site_name\" content=\"Beauty &amp; Wellness Kiel\" \/>\n<meta property=\"article:modified_time\" content=\"2022-08-12T08:30:36+00:00\" \/>\n<meta property=\"og:image\" content=\"https:\/\/beautyundwellness-kiel.de\/wp-content\/uploads\/2020\/02\/massage-2717431-2-1024x683.jpg\" \/>\n\t<meta property=\"og:image:width\" content=\"1024\" \/>\n\t<meta property=\"og:image:height\" content=\"683\" \/>\n\t<meta property=\"og:image:type\" content=\"image\/jpeg\" \/>\n<meta name=\"twitter:card\" content=\"summary_large_image\" \/>\n<meta name=\"twitter:label1\" content=\"Gesch\u00e4tzte Lesezeit\" \/>\n\t<meta name=\"twitter:data1\" content=\"1\u00a0Minute\" \/>\n<script type=\"application\/ld+json\" class=\"yoast-schema-graph\">{\"@context\":\"https:\/\/schema.org\",\"@graph\":[{\"@type\":\"WebPage\",\"@id\":\"https:\/\/beautyundwellness-kiel.de\/?page_id=100\",\"url\":\"https:\/\/beautyundwellness-kiel.de\/?page_id=100\",\"name\":\"Massagen (auf Anfrage) | Beauty &amp; Wellness Kiel\",\"isPartOf\":{\"@id\":\"https:\/\/beautyundwellness-kiel.de\/#website\"},\"datePublished\":\"2020-02-29T23:12:26+00:00\",\"dateModified\":\"2022-08-12T08:30:36+00:00\",\"breadcrumb\":{\"@id\":\"https:\/\/beautyundwellness-kiel.de\/?page_id=100#breadcrumb\"},\"inLanguage\":\"de\",\"potentialAction\":[{\"@type\":\"ReadAction\",\"target\":[\"https:\/\/beautyundwellness-kiel.de\/?page_id=100\"]}]},{\"@type\":\"BreadcrumbList\",\"@id\":\"https:\/\/beautyundwellness-kiel.de\/?page_id=100#breadcrumb\",\"itemListElement\":[{\"@type\":\"ListItem\",\"position\":1,\"name\":\"Startseite\",\"item\":\"https:\/\/beautyundwellness-kiel.de\/\"},{\"@type\":\"ListItem\",\"position\":2,\"name\":\"Massagen (auf Anfrage)\"}]},{\"@type\":\"WebSite\",\"@id\":\"https:\/\/beautyundwellness-kiel.de\/#website\",\"url\":\"https:\/\/beautyundwellness-kiel.de\/\",\"name\":\"Beauty & Wellness Kiel\",\"description\":\"\",\"publisher\":{\"@id\":\"https:\/\/beautyundwellness-kiel.de\/#organization\"},\"potentialAction\":[{\"@type\":\"SearchAction\",\"target\":{\"@type\":\"EntryPoint\",\"urlTemplate\":\"https:\/\/beautyundwellness-kiel.de\/?s={search_term_string}\"},\"query-input\":\"required name=search_term_string\"}],\"inLanguage\":\"de\"},{\"@type\":\"Organization\",\"@id\":\"https:\/\/beautyundwellness-kiel.de\/#organization\",\"name\":\"Beauty & Wellness Kirsten Rathmann\",\"url\":\"https:\/\/beautyundwellness-kiel.de\/\",\"logo\":{\"@type\":\"ImageObject\",\"inLanguage\":\"de\",\"@id\":\"https:\/\/beautyundwellness-kiel.de\/#\/schema\/logo\/image\/\",\"url\":\"https:\/\/beautyundwellness-kiel.de\/wp-content\/uploads\/2020\/02\/MediumSquareLogo.png\",\"contentUrl\":\"https:\/\/beautyundwellness-kiel.de\/wp-content\/uploads\/2020\/02\/MediumSquareLogo.png\",\"width\":400,\"height\":400,\"caption\":\"Beauty & Wellness Kirsten Rathmann\"},\"image\":{\"@id\":\"https:\/\/beautyundwellness-kiel.de\/#\/schema\/logo\/image\/\"}}]}<\/script>\n<!-- \/ Yoast SEO plugin. -->","yoast_head_json":{"title":"Massagen (auf Anfrage) | Beauty &amp; Wellness Kiel","robots":{"index":"index","follow":"follow","max-snippet":"max-snippet:-1","max-image-preview":"max-image-preview:large","max-video-preview":"max-video-preview:-1"},"canonical":"https:\/\/beautyundwellness-kiel.de\/?page_id=100","og_locale":"de_DE","og_type":"article","og_title":"Massagen (auf Anfrage) | Beauty &amp; Wellness Kiel","og_description":"Sie sind gestresst, haben wenig Energie oder wollen sich einfach mal etwas Entspannung g\u00f6nnen? Sch\u00f6pfen Sie mit einer Massage neue Kraft und lassen Sie den Alltag hinter sich.&nbsp;Alle Behandlungen finden mit entspannender Musik und wohliger &hellip;","og_url":"https:\/\/beautyundwellness-kiel.de\/?page_id=100","og_site_name":"Beauty &amp; Wellness Kiel","article_modified_time":"2022-08-12T08:30:36+00:00","og_image":[{"width":1024,"height":683,"url":"https:\/\/beautyundwellness-kiel.de\/wp-content\/uploads\/2020\/02\/massage-2717431-2-1024x683.jpg","type":"image\/jpeg"}],"twitter_card":"summary_large_image","twitter_misc":{"Gesch\u00e4tzte Lesezeit":"1\u00a0Minute"},"schema":{"@context":"https:\/\/schema.org","@graph":[{"@type":"WebPage","@id":"https:\/\/beautyundwellness-kiel.de\/?page_id=100","url":"https:\/\/beautyundwellness-kiel.de\/?page_id=100","name":"Massagen (auf Anfrage) | Beauty &amp; Wellness Kiel","isPartOf":{"@id":"https:\/\/beautyundwellness-kiel.de\/#website"},"datePublished":"2020-02-29T23:12:26+00:00","dateModified":"2022-08-12T08:30:36+00:00","breadcrumb":{"@id":"https:\/\/beautyundwellness-kiel.de\/?page_id=100#breadcrumb"},"inLanguage":"de","potentialAction":[{"@type":"ReadAction","target":["https:\/\/beautyundwellness-kiel.de\/?page_id=100"]}]},{"@type":"BreadcrumbList","@id":"https:\/\/beautyundwellness-kiel.de\/?page_id=100#breadcrumb","itemListElement":[{"@type":"ListItem","position":1,"name":"Startseite","item":"https:\/\/beautyundwellness-kiel.de\/"},{"@type":"ListItem","position":2,"name":"Massagen (auf Anfrage)"}]},{"@type":"WebSite","@id":"https:\/\/beautyundwellness-kiel.de\/#website","url":"https:\/\/beautyundwellness-kiel.de\/","name":"Beauty & Wellness Kiel","description":"","publisher":{"@id":"https:\/\/beautyundwellness-kiel.de\/#organization"},"potentialAction":[{"@type":"SearchAction","target":{"@type":"EntryPoint","urlTemplate":"https:\/\/beautyundwellness-kiel.de\/?s={search_term_string}"},"query-input":"required name=search_term_string"}],"inLanguage":"de"},{"@type":"Organization","@id":"https:\/\/beautyundwellness-kiel.de\/#organization","name":"Beauty & Wellness Kirsten Rathmann","url":"https:\/\/beautyundwellness-kiel.de\/","logo":{"@type":"ImageObject","inLanguage":"de","@id":"https:\/\/beautyundwellness-kiel.de\/#\/schema\/logo\/image\/","url":"https:\/\/beautyundwellness-kiel.de\/wp-content\/uploads\/2020\/02\/MediumSquareLogo.png","contentUrl":"https:\/\/beautyundwellness-kiel.de\/wp-content\/uploads\/2020\/02\/MediumSquareLogo.png","width":400,"height":400,"caption":"Beauty & Wellness Kirsten Rathmann"},"image":{"@id":"https:\/\/beautyundwellness-kiel.de\/#\/schema\/logo\/image\/"}}]}},"_links":{"self":[{"href":"https:\/\/beautyundwellness-kiel.de\/index.php?rest_route=\/wp\/v2\/pages\/100"}],"collection":[{"href":"https:\/\/beautyundwellness-kiel.de\/index.php?rest_route=\/wp\/v2\/pages"}],"about":[{"href":"https:\/\/beautyundwellness-kiel.de\/index.php?rest_route=\/wp\/v2\/types\/page"}],"author":[{"embeddable":true,"href":"https:\/\/beautyundwellness-kiel.de\/index.php?rest_route=\/wp\/v2\/users\/1"}],"replies":[{"embeddable":true,"href":"https:\/\/beautyundwellness-kiel.de\/index.php?rest_route=%2Fwp%2Fv2%2Fcomments&post=100"}],"version-history":[{"count":4,"href":"https:\/\/beautyundwellness-kiel.de\/index.php?rest_route=\/wp\/v2\/pages\/100\/revisions"}],"predecessor-version":[{"id":234,"href":"https:\/\/beautyundwellness-kiel.de\/index.php?rest_route=\/wp\/v2\/pages\/100\/revisions\/234"}],"wp:featuredmedia":[{"embeddable":true,"href":"https:\/\/beautyundwellness-kiel.de\/index.php?rest_route=\/wp\/v2\/media\/101"}],"wp:attachment":[{"href":"https:\/\/beautyundwellness-kiel.de\/index.php?rest_route=%2Fwp%2Fv2%2Fmedia&parent=100"}],"curies":[{"name":"wp","href":"https:\/\/api.w.org\/{rel}","templated":true}]}}