{"id":61,"date":"2020-02-29T22:26:00","date_gmt":"2020-02-29T22:26:00","guid":{"rendered":"http:\/\/beautyundwellness-kiel.de\/?page_id=61"},"modified":"2026-05-15T12:48:21","modified_gmt":"2026-05-15T12:48:21","slug":"61-2","status":"publish","type":"page","link":"https:\/\/beautyundwellness-kiel.de\/?page_id=61","title":{"rendered":"Fu\u00dfpflege"},"content":{"rendered":"\r\n<p>Ob H\u00fchneraugen, Druckstellen, eingewachsene N\u00e4gel oder Nagelpilz \u2013 wir sind spezialisiert auf die Behandlung verschiedener Probleme im Bereich der Fu\u00dfpflege. Die Entfernung\u00a0 von Hornhaut geh\u00f6rt dabei ebenso zum Leistungsspektrum wie das\u00a0K\u00fcrzen und Formen der N\u00e4gel,\u00a0das Behandeln von Pilzn\u00e4geln oder einfach das Versch\u00f6nern und Verw\u00f6hnen Ihrer F\u00fc\u00dfe.<\/p>\r\n\r\n\r\n\r\n<p>Jede Fu\u00dfpflegebehandlung beinhaltet ein wohltuendes Fu\u00dfbad sowie eine anschlie\u00dfende Fu\u00dfmassage mit pflegender Creme. (Auch Teilbehandlungen wie das Versorgen von H\u00fchneraugen sind m\u00f6glich.)<\/p>\r\n\r\n\r\n\r\n<p><em>medizinische Fu\u00dfpflege 35\u20ac<\/em><\/p>\r\n\r\n\r\n\r\n<h2>Keine Problemf\u00fc\u00dfe sondern einfach Lust auf Pedik\u00fcre?<\/h2>\r\n\r\n\r\n\r\n<p>Wir machen Ihre F\u00fc\u00dfe sch\u00f6n f\u00fcr die Sandalen-Saison &#8211; mit Pflege, Massage und sommerlichen Lacken.<\/p>\r\n\r\n\r\n\r\n<p><em>Kosmetische Fu\u00dfpflege 40\u20ac<\/em><\/p>\r\n\r\n\r\n\r\n<p><em>zus\u00e4tzliche Fu\u00dfmassage (20 Min.) 30\u20ac<\/em><\/p>\r\n\r\n\r\n\r\n<p><em>Peeling \/ Maske je 9,50\u20ac<\/em><\/p>\r\n\r\n\r\n\r\n<p><em>Farblack 6,50\u20ac<\/em><\/p>\r\n\r\n\r\n\r\n<p>&nbsp;<\/p>\r\n\r\n\r\n\r\n<p>&nbsp;<\/p>\r\n\r\n\r\n\r\n<h3>Pflege f\u00fcr beanspruchte F\u00fc\u00dfe<\/h3>\r\n\r\n\r\n\r\n<p>Bei Sportarten wie Golf oder Fu\u00dfball sind die F\u00fc\u00dfe besonderen Belastungen ausgesetzt. Damit Sie trotzdem gepflegt und schmerzfrei unterwegs sind und auch nach langen Spielen noch entspannt gehen k\u00f6nnen, ist es wichtig, regelm\u00e4\u00dfige Fu\u00dfpflege in Anspruch zu nehmen. Sprechen Sie mich gerne an!<\/p>\r\n","protected":false},"excerpt":{"rendered":"<p>Ob H\u00fchneraugen, Druckstellen, eingewachsene N\u00e4gel oder Nagelpilz \u2013 wir sind spezialisiert auf die Behandlung verschiedener Probleme im Bereich der Fu\u00dfpflege. Die Entfernung\u00a0 von Hornhaut geh\u00f6rt dabei ebenso zum Leistungsspektrum wie das\u00a0K\u00fcrzen und Formen der N\u00e4gel,\u00a0das &hellip; <\/p>\n","protected":false},"author":1,"featured_media":0,"parent":0,"menu_order":0,"comment_status":"closed","ping_status":"closed","template":"","meta":[],"yoast_head":"<!-- This site is optimized with the Yoast SEO plugin v20.6 - https:\/\/yoast.com\/wordpress\/plugins\/seo\/ -->\n<title>Fu\u00dfpflege | Beauty &amp; Wellness Kiel<\/title>\n<meta name=\"robots\" content=\"index, follow, max-snippet:-1, max-image-preview:large, max-video-preview:-1\" \/>\n<link rel=\"canonical\" href=\"https:\/\/beautyundwellness-kiel.de\/?page_id=61\" \/>\n<meta property=\"og:locale\" content=\"de_DE\" \/>\n<meta property=\"og:type\" content=\"article\" \/>\n<meta property=\"og:title\" content=\"Fu\u00dfpflege | Beauty &amp; Wellness Kiel\" \/>\n<meta property=\"og:description\" content=\"Ob H\u00fchneraugen, Druckstellen, eingewachsene N\u00e4gel oder Nagelpilz \u2013 wir sind spezialisiert auf die Behandlung verschiedener Probleme im Bereich der Fu\u00dfpflege. Die Entfernung\u00a0 von Hornhaut geh\u00f6rt dabei ebenso zum Leistungsspektrum wie das\u00a0K\u00fcrzen und Formen der N\u00e4gel,\u00a0das &hellip;\" \/>\n<meta property=\"og:url\" content=\"https:\/\/beautyundwellness-kiel.de\/?page_id=61\" \/>\n<meta property=\"og:site_name\" content=\"Beauty &amp; Wellness Kiel\" \/>\n<meta property=\"article:modified_time\" content=\"2026-05-15T12:48:21+00:00\" \/>\n<meta name=\"twitter:card\" content=\"summary_large_image\" \/>\n<meta name=\"twitter:label1\" content=\"Gesch\u00e4tzte Lesezeit\" \/>\n\t<meta name=\"twitter:data1\" content=\"1\u00a0Minute\" \/>\n<script type=\"application\/ld+json\" class=\"yoast-schema-graph\">{\"@context\":\"https:\/\/schema.org\",\"@graph\":[{\"@type\":\"WebPage\",\"@id\":\"https:\/\/beautyundwellness-kiel.de\/?page_id=61\",\"url\":\"https:\/\/beautyundwellness-kiel.de\/?page_id=61\",\"name\":\"Fu\u00dfpflege | Beauty &amp; Wellness Kiel\",\"isPartOf\":{\"@id\":\"https:\/\/beautyundwellness-kiel.de\/#website\"},\"datePublished\":\"2020-02-29T22:26:00+00:00\",\"dateModified\":\"2026-05-15T12:48:21+00:00\",\"breadcrumb\":{\"@id\":\"https:\/\/beautyundwellness-kiel.de\/?page_id=61#breadcrumb\"},\"inLanguage\":\"de\",\"potentialAction\":[{\"@type\":\"ReadAction\",\"target\":[\"https:\/\/beautyundwellness-kiel.de\/?page_id=61\"]}]},{\"@type\":\"BreadcrumbList\",\"@id\":\"https:\/\/beautyundwellness-kiel.de\/?page_id=61#breadcrumb\",\"itemListElement\":[{\"@type\":\"ListItem\",\"position\":1,\"name\":\"Startseite\",\"item\":\"https:\/\/beautyundwellness-kiel.de\/\"},{\"@type\":\"ListItem\",\"position\":2,\"name\":\"Fu\u00dfpflege\"}]},{\"@type\":\"WebSite\",\"@id\":\"https:\/\/beautyundwellness-kiel.de\/#website\",\"url\":\"https:\/\/beautyundwellness-kiel.de\/\",\"name\":\"Beauty & Wellness Kiel\",\"description\":\"\",\"publisher\":{\"@id\":\"https:\/\/beautyundwellness-kiel.de\/#organization\"},\"potentialAction\":[{\"@type\":\"SearchAction\",\"target\":{\"@type\":\"EntryPoint\",\"urlTemplate\":\"https:\/\/beautyundwellness-kiel.de\/?s={search_term_string}\"},\"query-input\":\"required name=search_term_string\"}],\"inLanguage\":\"de\"},{\"@type\":\"Organization\",\"@id\":\"https:\/\/beautyundwellness-kiel.de\/#organization\",\"name\":\"Beauty & Wellness Kirsten Rathmann\",\"url\":\"https:\/\/beautyundwellness-kiel.de\/\",\"logo\":{\"@type\":\"ImageObject\",\"inLanguage\":\"de\",\"@id\":\"https:\/\/beautyundwellness-kiel.de\/#\/schema\/logo\/image\/\",\"url\":\"https:\/\/beautyundwellness-kiel.de\/wp-content\/uploads\/2020\/02\/MediumSquareLogo.png\",\"contentUrl\":\"https:\/\/beautyundwellness-kiel.de\/wp-content\/uploads\/2020\/02\/MediumSquareLogo.png\",\"width\":400,\"height\":400,\"caption\":\"Beauty & Wellness Kirsten Rathmann\"},\"image\":{\"@id\":\"https:\/\/beautyundwellness-kiel.de\/#\/schema\/logo\/image\/\"}}]}<\/script>\n<!-- \/ Yoast SEO plugin. -->","yoast_head_json":{"title":"Fu\u00dfpflege | Beauty &amp; Wellness Kiel","robots":{"index":"index","follow":"follow","max-snippet":"max-snippet:-1","max-image-preview":"max-image-preview:large","max-video-preview":"max-video-preview:-1"},"canonical":"https:\/\/beautyundwellness-kiel.de\/?page_id=61","og_locale":"de_DE","og_type":"article","og_title":"Fu\u00dfpflege | Beauty &amp; Wellness Kiel","og_description":"Ob H\u00fchneraugen, Druckstellen, eingewachsene N\u00e4gel oder Nagelpilz \u2013 wir sind spezialisiert auf die Behandlung verschiedener Probleme im Bereich der Fu\u00dfpflege. Die Entfernung\u00a0 von Hornhaut geh\u00f6rt dabei ebenso zum Leistungsspektrum wie das\u00a0K\u00fcrzen und Formen der N\u00e4gel,\u00a0das &hellip;","og_url":"https:\/\/beautyundwellness-kiel.de\/?page_id=61","og_site_name":"Beauty &amp; Wellness Kiel","article_modified_time":"2026-05-15T12:48:21+00:00","twitter_card":"summary_large_image","twitter_misc":{"Gesch\u00e4tzte Lesezeit":"1\u00a0Minute"},"schema":{"@context":"https:\/\/schema.org","@graph":[{"@type":"WebPage","@id":"https:\/\/beautyundwellness-kiel.de\/?page_id=61","url":"https:\/\/beautyundwellness-kiel.de\/?page_id=61","name":"Fu\u00dfpflege | Beauty &amp; Wellness Kiel","isPartOf":{"@id":"https:\/\/beautyundwellness-kiel.de\/#website"},"datePublished":"2020-02-29T22:26:00+00:00","dateModified":"2026-05-15T12:48:21+00:00","breadcrumb":{"@id":"https:\/\/beautyundwellness-kiel.de\/?page_id=61#breadcrumb"},"inLanguage":"de","potentialAction":[{"@type":"ReadAction","target":["https:\/\/beautyundwellness-kiel.de\/?page_id=61"]}]},{"@type":"BreadcrumbList","@id":"https:\/\/beautyundwellness-kiel.de\/?page_id=61#breadcrumb","itemListElement":[{"@type":"ListItem","position":1,"name":"Startseite","item":"https:\/\/beautyundwellness-kiel.de\/"},{"@type":"ListItem","position":2,"name":"Fu\u00dfpflege"}]},{"@type":"WebSite","@id":"https:\/\/beautyundwellness-kiel.de\/#website","url":"https:\/\/beautyundwellness-kiel.de\/","name":"Beauty & Wellness Kiel","description":"","publisher":{"@id":"https:\/\/beautyundwellness-kiel.de\/#organization"},"potentialAction":[{"@type":"SearchAction","target":{"@type":"EntryPoint","urlTemplate":"https:\/\/beautyundwellness-kiel.de\/?s={search_term_string}"},"query-input":"required name=search_term_string"}],"inLanguage":"de"},{"@type":"Organization","@id":"https:\/\/beautyundwellness-kiel.de\/#organization","name":"Beauty & Wellness Kirsten Rathmann","url":"https:\/\/beautyundwellness-kiel.de\/","logo":{"@type":"ImageObject","inLanguage":"de","@id":"https:\/\/beautyundwellness-kiel.de\/#\/schema\/logo\/image\/","url":"https:\/\/beautyundwellness-kiel.de\/wp-content\/uploads\/2020\/02\/MediumSquareLogo.png","contentUrl":"https:\/\/beautyundwellness-kiel.de\/wp-content\/uploads\/2020\/02\/MediumSquareLogo.png","width":400,"height":400,"caption":"Beauty & Wellness Kirsten Rathmann"},"image":{"@id":"https:\/\/beautyundwellness-kiel.de\/#\/schema\/logo\/image\/"}}]}},"_links":{"self":[{"href":"https:\/\/beautyundwellness-kiel.de\/index.php?rest_route=\/wp\/v2\/pages\/61"}],"collection":[{"href":"https:\/\/beautyundwellness-kiel.de\/index.php?rest_route=\/wp\/v2\/pages"}],"about":[{"href":"https:\/\/beautyundwellness-kiel.de\/index.php?rest_route=\/wp\/v2\/types\/page"}],"author":[{"embeddable":true,"href":"https:\/\/beautyundwellness-kiel.de\/index.php?rest_route=\/wp\/v2\/users\/1"}],"replies":[{"embeddable":true,"href":"https:\/\/beautyundwellness-kiel.de\/index.php?rest_route=%2Fwp%2Fv2%2Fcomments&post=61"}],"version-history":[{"count":17,"href":"https:\/\/beautyundwellness-kiel.de\/index.php?rest_route=\/wp\/v2\/pages\/61\/revisions"}],"predecessor-version":[{"id":239,"href":"https:\/\/beautyundwellness-kiel.de\/index.php?rest_route=\/wp\/v2\/pages\/61\/revisions\/239"}],"wp:attachment":[{"href":"https:\/\/beautyundwellness-kiel.de\/index.php?rest_route=%2Fwp%2Fv2%2Fmedia&parent=61"}],"curies":[{"name":"wp","href":"https:\/\/api.w.org\/{rel}","templated":true}]}}