{"id":91,"date":"2020-02-29T23:05:56","date_gmt":"2020-02-29T23:05:56","guid":{"rendered":"http:\/\/beautyundwellness-kiel.de\/?page_id=91"},"modified":"2022-08-12T08:28:50","modified_gmt":"2022-08-12T08:28:50","slug":"kosmetikbehandlungen","status":"publish","type":"page","link":"https:\/\/beautyundwellness-kiel.de\/?page_id=91","title":{"rendered":"Kosmetikbehandlungen"},"content":{"rendered":"\n<p>Unsere Haut ist t\u00e4glich den verschiedensten Umwelteinfl\u00fcssen ausgesetzt. So individuell wie wir selbst, ist Sie auf&nbsp;speziell abgestimmte Pflege angewiesen, um lange straff und gesund zu bleiben.&nbsp;G\u00f6nnen Sie Ihrer Haut mit unseren verschiedenen Kosmetikbehandlungen&nbsp;die Extraportion Pflege. Bei Outdoor-Sportarten wie Golf oder Segeln ist die Haut oft besonderen Belastungen ausgesetzt. Hier kommt es besonders auf die richtige Pflege an!<\/p>\n\n\n\n<p>Jede Erstbehandlung beinhaltet immer auch eine ausf\u00fchrliche Hautanalyse, auf deren Basis ich die f\u00fcr Sie passenden Produkte ausw\u00e4hle.&nbsp;<strong>Au\u00dferdem geh\u00f6rt zu allen Kosmetikbehandlungen&nbsp;eine Gesichtsmassage sowie ein&nbsp;leichtes Tages-Make-up.&nbsp;<\/strong><\/p>\n\n\n\n<p><\/p>\n\n\n\n<h4>Kosmetik Basisbehandlung<\/h4>\n\n\n\n<p><em>Kosten pro Behandlung (30 Minuten) 30\u20ac<\/em><\/p>\n\n\n\n<p><\/p>\n\n\n\n<h4>Verw\u00f6hnbehandlung<\/h4>\n\n\n\n<p>Vertreiben Sie die Winterm\u00fcdigkeit, verw\u00f6hnen Sie Ihre Haut mit W\u00e4rme, wohlriechenden Aromen und intensiver Pflege. Nach dem Abreinigen erfolgt eine&nbsp;Anamnese, bei der festgestellt wird, welche Bed\u00fcrfnisse Ihre Haut hat und welche N\u00e4hrstoffe ihr fehlen. Anhand dieser Hautdiagnose erstellen wir Ihnen Ihr individuelles Hautpflegeprogramm. Anschlie\u00dfend wird Ihre Haut gepeelt und mit einer speziellen Pflegemaske verw\u00f6hnt, Ihre Augenbrauen werden korrigiert und ebenso die Wimpern gef\u00e4rbt. Eine Pflege-Ampulle versorgt Ihre Haut mit den individuell&nbsp;abgestimmten N\u00e4hrstoffen. Abschlie\u00dfend erhalten Sie eine Gesichtsmassage und ein leichtes Tages-Make-up.&nbsp;<\/p>\n\n\n\n<p><em>Kosten pro Behandlung (60 Minuten) 55\u20ac<\/em><\/p>\n\n\n\n<p><\/p>\n\n\n\n<h4>Oceanwell Spezialbehandlung<\/h4>\n\n\n\n<p>Genie\u00dfen Sie diese besondere Variante unserer Verw\u00f6hnbehandlung und sp\u00fcren Sie die Wirkung der maritimen Naturkosmetik von Oceanwell. Mit dem h\u00f6chsten Anteil an Wirkstoffen aus dem Meer und nachhaltig angebauten Algen setzt Oceanwell neue Ma\u00dfst\u00e4be \u2013&nbsp;Pur wie eine erfrischende Brise und belebend wie ein Spaziergang am Meer.<\/p>\n\n\n\n<p><em>Kosten pro Behandlung (90 Minuten) 85\u20ac<\/em><\/p>\n\n\n\n<p><\/p>\n\n\n\n<h4>Rosazea Spezialbehandlung<\/h4>\n\n\n\n<p>Zur schonenden Reinigung und Pflege Ihrer Haut werden bei dieser Spezialbehandlung besonders milde und gef\u00e4\u00dfwandst\u00e4rkende Wirkstoffe verwendet, die individuell&nbsp; auf die Bed\u00fcrfnisse Ihrer Haut abgestimmt sind und die empfindliche Haut beruhigen.<\/p>\n\n\n\n<p><em>Kosten pro Behandlung (60 Minuten) 65\u20ac<\/em><\/p>\n\n\n\n<p><\/p>\n\n\n\n<h4>Akne-Behandlung<\/h4>\n\n\n\n<p>Mitesser, Pickel oder entz\u00fcndete Pusteln \u2013 eine Akne zeigt sich in unterschiedlich starker Auspr\u00e4gung. Im Gegensatz zu normalen Pickeln, die&nbsp;meist nach einigen Tagen von allein wieder verschwinden, halten sich Akne-Pickel hartn\u00e4ckig auf der Haut. Unsere Akne-Behandlung beinhaltet eine Hautanamnese, das Abreinigen mit entsprechend auf die individuellen Bed\u00fcrfnisse der Haut abgestimmten Pflegeprodukten, die Behandlung mit dem Vapozon (Bedampfer), das Ausreinigen sowie das Auftragen einer Pflegeampulle, einer Maske und einer abschlie\u00dfenden Pflege.&nbsp;Auf Wunsch werden im Anschluss Unreinheiten abgedeckt. &nbsp;<\/p>\n\n\n\n<p><em>Kosten pro Behandlung (45 Minuten) 30\u20ac<\/em><\/p>\n","protected":false},"excerpt":{"rendered":"<p>Unsere Haut ist t\u00e4glich den verschiedensten Umwelteinfl\u00fcssen ausgesetzt. So individuell wie wir selbst, ist Sie auf&nbsp;speziell abgestimmte Pflege angewiesen, um lange straff und gesund zu bleiben.&nbsp;G\u00f6nnen Sie Ihrer Haut mit unseren verschiedenen Kosmetikbehandlungen&nbsp;die Extraportion Pflege. &hellip; <\/p>\n","protected":false},"author":1,"featured_media":92,"parent":0,"menu_order":0,"comment_status":"closed","ping_status":"closed","template":"","meta":[],"yoast_head":"<!-- This site is optimized with the Yoast SEO plugin v20.6 - https:\/\/yoast.com\/wordpress\/plugins\/seo\/ -->\n<title>Kosmetikbehandlungen | Beauty &amp; Wellness Kiel<\/title>\n<meta name=\"robots\" content=\"index, follow, max-snippet:-1, max-image-preview:large, max-video-preview:-1\" \/>\n<link rel=\"canonical\" href=\"https:\/\/beautyundwellness-kiel.de\/?page_id=91\" \/>\n<meta property=\"og:locale\" content=\"de_DE\" \/>\n<meta property=\"og:type\" content=\"article\" \/>\n<meta property=\"og:title\" content=\"Kosmetikbehandlungen | Beauty &amp; Wellness Kiel\" \/>\n<meta property=\"og:description\" content=\"Unsere Haut ist t\u00e4glich den verschiedensten Umwelteinfl\u00fcssen ausgesetzt. So individuell wie wir selbst, ist Sie auf&nbsp;speziell abgestimmte Pflege angewiesen, um lange straff und gesund zu bleiben.&nbsp;G\u00f6nnen Sie Ihrer Haut mit unseren verschiedenen Kosmetikbehandlungen&nbsp;die Extraportion Pflege. &hellip;\" \/>\n<meta property=\"og:url\" content=\"https:\/\/beautyundwellness-kiel.de\/?page_id=91\" \/>\n<meta property=\"og:site_name\" content=\"Beauty &amp; Wellness Kiel\" \/>\n<meta property=\"article:modified_time\" content=\"2022-08-12T08:28:50+00:00\" \/>\n<meta property=\"og:image\" content=\"https:\/\/beautyundwellness-kiel.de\/wp-content\/uploads\/2020\/02\/girl-3141766-2-1024x768.jpg\" \/>\n\t<meta property=\"og:image:width\" content=\"1024\" \/>\n\t<meta property=\"og:image:height\" content=\"768\" \/>\n\t<meta property=\"og:image:type\" content=\"image\/jpeg\" \/>\n<meta name=\"twitter:card\" content=\"summary_large_image\" \/>\n<meta name=\"twitter:label1\" content=\"Gesch\u00e4tzte Lesezeit\" \/>\n\t<meta name=\"twitter:data1\" content=\"2\u00a0Minuten\" \/>\n<script type=\"application\/ld+json\" class=\"yoast-schema-graph\">{\"@context\":\"https:\/\/schema.org\",\"@graph\":[{\"@type\":\"WebPage\",\"@id\":\"https:\/\/beautyundwellness-kiel.de\/?page_id=91\",\"url\":\"https:\/\/beautyundwellness-kiel.de\/?page_id=91\",\"name\":\"Kosmetikbehandlungen | Beauty &amp; Wellness Kiel\",\"isPartOf\":{\"@id\":\"https:\/\/beautyundwellness-kiel.de\/#website\"},\"datePublished\":\"2020-02-29T23:05:56+00:00\",\"dateModified\":\"2022-08-12T08:28:50+00:00\",\"breadcrumb\":{\"@id\":\"https:\/\/beautyundwellness-kiel.de\/?page_id=91#breadcrumb\"},\"inLanguage\":\"de\",\"potentialAction\":[{\"@type\":\"ReadAction\",\"target\":[\"https:\/\/beautyundwellness-kiel.de\/?page_id=91\"]}]},{\"@type\":\"BreadcrumbList\",\"@id\":\"https:\/\/beautyundwellness-kiel.de\/?page_id=91#breadcrumb\",\"itemListElement\":[{\"@type\":\"ListItem\",\"position\":1,\"name\":\"Startseite\",\"item\":\"https:\/\/beautyundwellness-kiel.de\/\"},{\"@type\":\"ListItem\",\"position\":2,\"name\":\"Kosmetikbehandlungen\"}]},{\"@type\":\"WebSite\",\"@id\":\"https:\/\/beautyundwellness-kiel.de\/#website\",\"url\":\"https:\/\/beautyundwellness-kiel.de\/\",\"name\":\"Beauty & Wellness Kiel\",\"description\":\"\",\"publisher\":{\"@id\":\"https:\/\/beautyundwellness-kiel.de\/#organization\"},\"potentialAction\":[{\"@type\":\"SearchAction\",\"target\":{\"@type\":\"EntryPoint\",\"urlTemplate\":\"https:\/\/beautyundwellness-kiel.de\/?s={search_term_string}\"},\"query-input\":\"required name=search_term_string\"}],\"inLanguage\":\"de\"},{\"@type\":\"Organization\",\"@id\":\"https:\/\/beautyundwellness-kiel.de\/#organization\",\"name\":\"Beauty & Wellness Kirsten Rathmann\",\"url\":\"https:\/\/beautyundwellness-kiel.de\/\",\"logo\":{\"@type\":\"ImageObject\",\"inLanguage\":\"de\",\"@id\":\"https:\/\/beautyundwellness-kiel.de\/#\/schema\/logo\/image\/\",\"url\":\"https:\/\/beautyundwellness-kiel.de\/wp-content\/uploads\/2020\/02\/MediumSquareLogo.png\",\"contentUrl\":\"https:\/\/beautyundwellness-kiel.de\/wp-content\/uploads\/2020\/02\/MediumSquareLogo.png\",\"width\":400,\"height\":400,\"caption\":\"Beauty & Wellness Kirsten Rathmann\"},\"image\":{\"@id\":\"https:\/\/beautyundwellness-kiel.de\/#\/schema\/logo\/image\/\"}}]}<\/script>\n<!-- \/ Yoast SEO plugin. -->","yoast_head_json":{"title":"Kosmetikbehandlungen | Beauty &amp; Wellness Kiel","robots":{"index":"index","follow":"follow","max-snippet":"max-snippet:-1","max-image-preview":"max-image-preview:large","max-video-preview":"max-video-preview:-1"},"canonical":"https:\/\/beautyundwellness-kiel.de\/?page_id=91","og_locale":"de_DE","og_type":"article","og_title":"Kosmetikbehandlungen | Beauty &amp; Wellness Kiel","og_description":"Unsere Haut ist t\u00e4glich den verschiedensten Umwelteinfl\u00fcssen ausgesetzt. So individuell wie wir selbst, ist Sie auf&nbsp;speziell abgestimmte Pflege angewiesen, um lange straff und gesund zu bleiben.&nbsp;G\u00f6nnen Sie Ihrer Haut mit unseren verschiedenen Kosmetikbehandlungen&nbsp;die Extraportion Pflege. &hellip;","og_url":"https:\/\/beautyundwellness-kiel.de\/?page_id=91","og_site_name":"Beauty &amp; Wellness Kiel","article_modified_time":"2022-08-12T08:28:50+00:00","og_image":[{"width":1024,"height":768,"url":"https:\/\/beautyundwellness-kiel.de\/wp-content\/uploads\/2020\/02\/girl-3141766-2-1024x768.jpg","type":"image\/jpeg"}],"twitter_card":"summary_large_image","twitter_misc":{"Gesch\u00e4tzte Lesezeit":"2\u00a0Minuten"},"schema":{"@context":"https:\/\/schema.org","@graph":[{"@type":"WebPage","@id":"https:\/\/beautyundwellness-kiel.de\/?page_id=91","url":"https:\/\/beautyundwellness-kiel.de\/?page_id=91","name":"Kosmetikbehandlungen | Beauty &amp; Wellness Kiel","isPartOf":{"@id":"https:\/\/beautyundwellness-kiel.de\/#website"},"datePublished":"2020-02-29T23:05:56+00:00","dateModified":"2022-08-12T08:28:50+00:00","breadcrumb":{"@id":"https:\/\/beautyundwellness-kiel.de\/?page_id=91#breadcrumb"},"inLanguage":"de","potentialAction":[{"@type":"ReadAction","target":["https:\/\/beautyundwellness-kiel.de\/?page_id=91"]}]},{"@type":"BreadcrumbList","@id":"https:\/\/beautyundwellness-kiel.de\/?page_id=91#breadcrumb","itemListElement":[{"@type":"ListItem","position":1,"name":"Startseite","item":"https:\/\/beautyundwellness-kiel.de\/"},{"@type":"ListItem","position":2,"name":"Kosmetikbehandlungen"}]},{"@type":"WebSite","@id":"https:\/\/beautyundwellness-kiel.de\/#website","url":"https:\/\/beautyundwellness-kiel.de\/","name":"Beauty & Wellness Kiel","description":"","publisher":{"@id":"https:\/\/beautyundwellness-kiel.de\/#organization"},"potentialAction":[{"@type":"SearchAction","target":{"@type":"EntryPoint","urlTemplate":"https:\/\/beautyundwellness-kiel.de\/?s={search_term_string}"},"query-input":"required name=search_term_string"}],"inLanguage":"de"},{"@type":"Organization","@id":"https:\/\/beautyundwellness-kiel.de\/#organization","name":"Beauty & Wellness Kirsten Rathmann","url":"https:\/\/beautyundwellness-kiel.de\/","logo":{"@type":"ImageObject","inLanguage":"de","@id":"https:\/\/beautyundwellness-kiel.de\/#\/schema\/logo\/image\/","url":"https:\/\/beautyundwellness-kiel.de\/wp-content\/uploads\/2020\/02\/MediumSquareLogo.png","contentUrl":"https:\/\/beautyundwellness-kiel.de\/wp-content\/uploads\/2020\/02\/MediumSquareLogo.png","width":400,"height":400,"caption":"Beauty & Wellness Kirsten Rathmann"},"image":{"@id":"https:\/\/beautyundwellness-kiel.de\/#\/schema\/logo\/image\/"}}]}},"_links":{"self":[{"href":"https:\/\/beautyundwellness-kiel.de\/index.php?rest_route=\/wp\/v2\/pages\/91"}],"collection":[{"href":"https:\/\/beautyundwellness-kiel.de\/index.php?rest_route=\/wp\/v2\/pages"}],"about":[{"href":"https:\/\/beautyundwellness-kiel.de\/index.php?rest_route=\/wp\/v2\/types\/page"}],"author":[{"embeddable":true,"href":"https:\/\/beautyundwellness-kiel.de\/index.php?rest_route=\/wp\/v2\/users\/1"}],"replies":[{"embeddable":true,"href":"https:\/\/beautyundwellness-kiel.de\/index.php?rest_route=%2Fwp%2Fv2%2Fcomments&post=91"}],"version-history":[{"count":8,"href":"https:\/\/beautyundwellness-kiel.de\/index.php?rest_route=\/wp\/v2\/pages\/91\/revisions"}],"predecessor-version":[{"id":231,"href":"https:\/\/beautyundwellness-kiel.de\/index.php?rest_route=\/wp\/v2\/pages\/91\/revisions\/231"}],"wp:featuredmedia":[{"embeddable":true,"href":"https:\/\/beautyundwellness-kiel.de\/index.php?rest_route=\/wp\/v2\/media\/92"}],"wp:attachment":[{"href":"https:\/\/beautyundwellness-kiel.de\/index.php?rest_route=%2Fwp%2Fv2%2Fmedia&parent=91"}],"curies":[{"name":"wp","href":"https:\/\/api.w.org\/{rel}","templated":true}]}}